{"id":224,"date":"2026-01-03T22:25:37","date_gmt":"2026-01-03T22:25:37","guid":{"rendered":"https:\/\/saintmacairepourtous.fr\/?page_id=224"},"modified":"2026-03-09T18:28:17","modified_gmt":"2026-03-09T18:28:17","slug":"elementor-224","status":"publish","type":"page","link":"https:\/\/saintmacairepourtous.fr\/","title":{"rendered":"Accueil"},"content":{"rendered":"\t\t<div data-elementor-type=\"wp-page\" data-elementor-id=\"224\" class=\"elementor elementor-224\" data-elementor-post-type=\"page\">\n\t\t\t\t<div class=\"elementor-element elementor-element-4651ef6d e-flex e-con-boxed e-con e-parent\" data-id=\"4651ef6d\" data-element_type=\"container\" data-e-type=\"container\">\n\t\t\t\t\t<div class=\"e-con-inner\">\n\t\t\t\t\t<\/div>\n\t\t\t\t<\/div>\n\t\t<div class=\"elementor-element elementor-element-25aad6ab e-flex e-con-boxed e-con e-parent\" data-id=\"25aad6ab\" data-element_type=\"container\" data-e-type=\"container\">\n\t\t\t\t\t<div class=\"e-con-inner\">\n\t\t\t\t<div class=\"elementor-element elementor-element-163757ed elementor-skin-carousel elementor-arrows-yes elementor-pagination-type-bullets elementor-pagination-position-outside elementor-widget elementor-widget-media-carousel\" data-id=\"163757ed\" data-element_type=\"widget\" data-e-type=\"widget\" data-settings=\"{&quot;slides_per_view&quot;:&quot;1&quot;,&quot;autoplay_speed&quot;:2500,&quot;skin&quot;:&quot;carousel&quot;,&quot;effect&quot;:&quot;slide&quot;,&quot;show_arrows&quot;:&quot;yes&quot;,&quot;pagination&quot;:&quot;bullets&quot;,&quot;speed&quot;:500,&quot;autoplay&quot;:&quot;yes&quot;,&quot;loop&quot;:&quot;yes&quot;,&quot;pause_on_hover&quot;:&quot;yes&quot;,&quot;pause_on_interaction&quot;:&quot;yes&quot;,&quot;space_between&quot;:{&quot;unit&quot;:&quot;px&quot;,&quot;size&quot;:10,&quot;sizes&quot;:[]},&quot;space_between_tablet&quot;:{&quot;unit&quot;:&quot;px&quot;,&quot;size&quot;:10,&quot;sizes&quot;:[]},&quot;space_between_mobile&quot;:{&quot;unit&quot;:&quot;px&quot;,&quot;size&quot;:10,&quot;sizes&quot;:[]}}\" data-widget_type=\"media-carousel.default\">\n\t\t\t\t\t\t\t\t\t\t<div class=\"elementor-main-swiper swiper\" role=\"region\" aria-roledescription=\"carousel\" aria-label=\"Slides\">\n\t\t\t\t<div class=\"swiper-wrapper\">\n\t\t\t\t\t\t\t\t\t\t\t<div class=\"swiper-slide\" role=\"group\" aria-roledescription=\"slide\">\n\t\t\t\t\t\t\t\t\t<div class=\"elementor-carousel-image\" role=\"img\" aria-label=\"Choyer notre cadre de vie\" style=\"background-image: url(&#039;https:\/\/saintmacairepourtous.fr\/wp-content\/uploads\/2025\/12\/Choyer-notre-cadre-de-vie-scaled.jpg&#039;)\">\n\n\t\t\t\n\t\t\t\t\t<\/div>\n\t\t\t\t\t\t\t\t<\/div>\n\t\t\t\t\t\t\t\t\t\t\t<div class=\"swiper-slide\" role=\"group\" aria-roledescription=\"slide\">\n\t\t\t\t\t\t\t\t\t<div class=\"elementor-carousel-image\" role=\"img\" aria-label=\"IMG_1346-PLGOGBX\" style=\"background-image: url(&#039;https:\/\/saintmacairepourtous.fr\/wp-content\/uploads\/2025\/12\/IMG_1346-PLGOGBX-scaled.jpg&#039;)\">\n\n\t\t\t\n\t\t\t\t\t<\/div>\n\t\t\t\t\t\t\t\t<\/div>\n\t\t\t\t\t\t\t\t\t\t\t<div class=\"swiper-slide\" role=\"group\" aria-roledescription=\"slide\">\n\t\t\t\t\t\t\t\t\t<div class=\"elementor-carousel-image\" role=\"img\" aria-label=\"IMG_0300-PLGOGBX\" style=\"background-image: url(&#039;https:\/\/saintmacairepourtous.fr\/wp-content\/uploads\/2025\/12\/IMG_0300-PLGOGBX-scaled.jpg&#039;)\">\n\n\t\t\t\n\t\t\t\t\t<\/div>\n\t\t\t\t\t\t\t\t<\/div>\n\t\t\t\t\t\t\t\t\t\t\t<div class=\"swiper-slide\" role=\"group\" aria-roledescription=\"slide\">\n\t\t\t\t\t\t\t\t\t<div class=\"elementor-carousel-image\" role=\"img\" aria-label=\"photo f\u00eatepetit\" style=\"background-image: url(&#039;https:\/\/saintmacairepourtous.fr\/wp-content\/uploads\/2026\/01\/photo-fetepetit.jpg&#039;)\">\n\n\t\t\t\n\t\t\t\t\t<\/div>\n\t\t\t\t\t\t\t\t<\/div>\n\t\t\t\t\t\t\t\t\t<\/div>\n\t\t\t\t\t\t\t\t\t\t\t\t\t\t\t<div class=\"elementor-swiper-button elementor-swiper-button-prev\" role=\"button\" tabindex=\"0\" aria-label=\"Pr\u00e9c\u00e9dent\">\n\t\t\t\t\t\t\t<svg aria-hidden=\"true\" class=\"e-font-icon-svg e-eicon-chevron-left\" viewBox=\"0 0 1000 1000\" xmlns=\"http:\/\/www.w3.org\/2000\/svg\"><path d=\"M646 125C629 125 613 133 604 142L308 442C296 454 292 471 292 487 292 504 296 521 308 533L604 854C617 867 629 875 646 875 663 875 679 871 692 858 704 846 713 829 713 812 713 796 708 779 692 767L438 487 692 225C700 217 708 204 708 187 708 171 704 154 692 142 675 129 663 125 646 125Z\"><\/path><\/svg>\t\t\t\t\t\t<\/div>\n\t\t\t\t\t\t<div class=\"elementor-swiper-button elementor-swiper-button-next\" role=\"button\" tabindex=\"0\" aria-label=\"Suivant\">\n\t\t\t\t\t\t\t<svg aria-hidden=\"true\" class=\"e-font-icon-svg e-eicon-chevron-right\" viewBox=\"0 0 1000 1000\" xmlns=\"http:\/\/www.w3.org\/2000\/svg\"><path d=\"M696 533C708 521 713 504 713 487 713 471 708 454 696 446L400 146C388 133 375 125 354 125 338 125 325 129 313 142 300 154 292 171 292 187 292 204 296 221 308 233L563 492 304 771C292 783 288 800 288 817 288 833 296 850 308 863 321 871 338 875 354 875 371 875 388 867 400 854L696 533Z\"><\/path><\/svg>\t\t\t\t\t\t<\/div>\n\t\t\t\t\t\t\t\t\t\t\t\t\t\t\t\t<div class=\"swiper-pagination\"><\/div>\n\t\t\t\t\t\t\t\t\t\t\t\t<\/div>\n\t\t\t\t\t\t\t\t<\/div>\n\t\t\t\t<div class=\"elementor-element elementor-element-ee799fc elementor-widget elementor-widget-image\" data-id=\"ee799fc\" data-element_type=\"widget\" data-e-type=\"widget\" data-widget_type=\"image.default\">\n\t\t\t\t\t\t\t\t\t\t\t\t\t\t\t<img fetchpriority=\"high\" decoding=\"async\" width=\"2048\" height=\"2048\" src=\"https:\/\/saintmacairepourtous.fr\/wp-content\/uploads\/2026\/02\/photo-Binome-Saint-Macaire-pour-tous-2048x2048.jpg\" class=\"attachment-2048x2048 size-2048x2048 wp-image-440\" alt=\"\" srcset=\"https:\/\/saintmacairepourtous.fr\/wp-content\/uploads\/2026\/02\/photo-Binome-Saint-Macaire-pour-tous-2048x2048.jpg 2048w, https:\/\/saintmacairepourtous.fr\/wp-content\/uploads\/2026\/02\/photo-Binome-Saint-Macaire-pour-tous-300x300.jpg 300w, https:\/\/saintmacairepourtous.fr\/wp-content\/uploads\/2026\/02\/photo-Binome-Saint-Macaire-pour-tous-1024x1024.jpg 1024w, https:\/\/saintmacairepourtous.fr\/wp-content\/uploads\/2026\/02\/photo-Binome-Saint-Macaire-pour-tous-150x150.jpg 150w, https:\/\/saintmacairepourtous.fr\/wp-content\/uploads\/2026\/02\/photo-Binome-Saint-Macaire-pour-tous-768x768.jpg 768w, https:\/\/saintmacairepourtous.fr\/wp-content\/uploads\/2026\/02\/photo-Binome-Saint-Macaire-pour-tous-1536x1536.jpg 1536w\" sizes=\"(max-width: 2048px) 100vw, 2048px\" \/>\t\t\t\t\t\t\t\t\t\t\t\t\t\t\t<\/div>\n\t\t\t\t<div class=\"elementor-element elementor-element-57309ad5 elementor-widget elementor-widget-text-editor\" data-id=\"57309ad5\" data-element_type=\"widget\" data-e-type=\"widget\" data-widget_type=\"text-editor.default\">\n\t\t\t\t\t\t\t\t\t<h4 class=\"font_3 wixui-rich-text__text\"><strong><span class=\"wixui-rich-text__text\">\u00ab Nous sommes heureux et fiers de vous pr\u00e9senter notre liste et notre projet pour Saint-Macaire, <br \/><\/span><\/strong><strong><span class=\"wixui-rich-text__text\">fid\u00e8les \u00e0 des valeurs de partage, de solidarit\u00e9, d&rsquo;ouverture et d&rsquo;\u00e9galit\u00e9 \u00bb<\/span><\/strong><\/h4><p><em>Isabelle Buin-Bourjalliat, t\u00eate de liste, et Tristan Roselle<\/em><\/p>\t\t\t\t\t\t\t\t<\/div>\n\t\t\t\t<div class=\"elementor-element elementor-element-26dc5c30 elementor-widget elementor-widget-image\" data-id=\"26dc5c30\" data-element_type=\"widget\" data-e-type=\"widget\" data-widget_type=\"image.default\">\n\t\t\t\t\t\t\t\t\t\t\t\t\t\t\t<img decoding=\"async\" width=\"2048\" height=\"1448\" src=\"https:\/\/saintmacairepourtous.fr\/wp-content\/uploads\/2026\/02\/Photo-retouche-Malo-2-scaled.jpg\" class=\"attachment-2048x2048 size-2048x2048 wp-image-436\" alt=\"\" srcset=\"https:\/\/saintmacairepourtous.fr\/wp-content\/uploads\/2026\/02\/Photo-retouche-Malo-2-scaled.jpg 2560w, https:\/\/saintmacairepourtous.fr\/wp-content\/uploads\/2026\/02\/Photo-retouche-Malo-2-300x212.jpg 300w\" sizes=\"(max-width: 2048px) 100vw, 2048px\" \/>\t\t\t\t\t\t\t\t\t\t\t\t\t\t\t<\/div>\n\t\t\t\t\t<\/div>\n\t\t\t\t<\/div>\n\t\t<div class=\"elementor-element elementor-element-c270c89 e-flex e-con-boxed e-con e-parent\" data-id=\"c270c89\" data-element_type=\"container\" data-e-type=\"container\">\n\t\t\t\t\t<div class=\"e-con-inner\">\n\t\t\t\t<div class=\"elementor-element elementor-element-87e742d elementor-widget elementor-widget-image\" data-id=\"87e742d\" data-element_type=\"widget\" data-e-type=\"widget\" data-widget_type=\"image.default\">\n\t\t\t\t\t\t\t\t\t\t\t\t\t\t\t\t<a href=\"https:\/\/saintmacairepourtous.fr\/index.php\/reunion-publique\/\" target=\"_blank\">\n\t\t\t\t\t\t\t<img decoding=\"async\" width=\"1024\" height=\"341\" src=\"https:\/\/saintmacairepourtous.fr\/wp-content\/uploads\/2026\/03\/AJOUT-AFFICHE-A4-paysage-1-1024x341.png\" class=\"attachment-large size-large wp-image-569\" alt=\"\" srcset=\"https:\/\/saintmacairepourtous.fr\/wp-content\/uploads\/2026\/03\/AJOUT-AFFICHE-A4-paysage-1-1024x341.png 1024w, https:\/\/saintmacairepourtous.fr\/wp-content\/uploads\/2026\/03\/AJOUT-AFFICHE-A4-paysage-1-300x100.png 300w, https:\/\/saintmacairepourtous.fr\/wp-content\/uploads\/2026\/03\/AJOUT-AFFICHE-A4-paysage-1-768x256.png 768w, https:\/\/saintmacairepourtous.fr\/wp-content\/uploads\/2026\/03\/AJOUT-AFFICHE-A4-paysage-1-1536x512.png 1536w, https:\/\/saintmacairepourtous.fr\/wp-content\/uploads\/2026\/03\/AJOUT-AFFICHE-A4-paysage-1-2048x683.png 2048w\" sizes=\"(max-width: 1024px) 100vw, 1024px\" \/>\t\t\t\t\t\t\t\t<\/a>\n\t\t\t\t\t\t\t\t\t\t\t\t\t\t\t<\/div>\n\t\t\t\t\t<\/div>\n\t\t\t\t<\/div>\n\t\t<div class=\"elementor-element elementor-element-16aeca2b e-flex e-con-boxed e-con e-parent\" data-id=\"16aeca2b\" data-element_type=\"container\" data-e-type=\"container\">\n\t\t\t\t\t<div class=\"e-con-inner\">\n\t\t\t\t<div class=\"elementor-element elementor-element-64452f43 elementor-widget elementor-widget-heading\" data-id=\"64452f43\" data-element_type=\"widget\" data-e-type=\"widget\" data-widget_type=\"heading.default\">\n\t\t\t\t\t<h2 class=\"elementor-heading-title elementor-size-default\"><b>Notre engagement<b \/><\/h2>\t\t\t\t<\/div>\n\t\t\t\t\t<\/div>\n\t\t\t\t<\/div>\n\t\t<div class=\"elementor-element elementor-element-9af791f e-flex e-con-boxed e-con e-parent\" data-id=\"9af791f\" data-element_type=\"container\" data-e-type=\"container\">\n\t\t\t\t\t<div class=\"e-con-inner\">\n\t\t<div class=\"elementor-element elementor-element-7c17cbd5 e-con-full e-flex e-con e-child\" data-id=\"7c17cbd5\" data-element_type=\"container\" data-e-type=\"container\">\n\t\t\t\t<div class=\"elementor-element elementor-element-6486f464 elementor-widget elementor-widget-image\" data-id=\"6486f464\" data-element_type=\"widget\" data-e-type=\"widget\" data-widget_type=\"image.default\">\n\t\t\t\t\t\t\t\t\t\t\t\t\t\t\t<img loading=\"lazy\" decoding=\"async\" width=\"946\" height=\"946\" src=\"https:\/\/saintmacairepourtous.fr\/wp-content\/uploads\/2025\/12\/Capture-decran-2025-12-27-a-17.22.49.png\" class=\"attachment-large size-large wp-image-61\" alt=\"Implication - Saint-Macaire pour tous\" srcset=\"https:\/\/saintmacairepourtous.fr\/wp-content\/uploads\/2025\/12\/Capture-decran-2025-12-27-a-17.22.49.png 946w, https:\/\/saintmacairepourtous.fr\/wp-content\/uploads\/2025\/12\/Capture-decran-2025-12-27-a-17.22.49-300x300.png 300w, https:\/\/saintmacairepourtous.fr\/wp-content\/uploads\/2025\/12\/Capture-decran-2025-12-27-a-17.22.49-150x150.png 150w, https:\/\/saintmacairepourtous.fr\/wp-content\/uploads\/2025\/12\/Capture-decran-2025-12-27-a-17.22.49-768x768.png 768w\" sizes=\"(max-width: 946px) 100vw, 946px\" \/>\t\t\t\t\t\t\t\t\t\t\t\t\t\t\t<\/div>\n\t\t\t\t<\/div>\n\t\t<div class=\"elementor-element elementor-element-344cefd8 e-con-full e-flex e-con e-child\" data-id=\"344cefd8\" data-element_type=\"container\" data-e-type=\"container\">\n\t\t\t\t<div class=\"elementor-element elementor-element-37a6e701 elementor-widget elementor-widget-image\" data-id=\"37a6e701\" data-element_type=\"widget\" data-e-type=\"widget\" data-widget_type=\"image.default\">\n\t\t\t\t\t\t\t\t\t\t\t\t\t\t\t<img loading=\"lazy\" decoding=\"async\" width=\"946\" height=\"946\" src=\"https:\/\/saintmacairepourtous.fr\/wp-content\/uploads\/2025\/12\/Capture-decran-2025-12-27-a-17.24.30.png\" class=\"attachment-large size-large wp-image-62\" alt=\"Transparence - Saint-Macaire pour tous\" srcset=\"https:\/\/saintmacairepourtous.fr\/wp-content\/uploads\/2025\/12\/Capture-decran-2025-12-27-a-17.24.30.png 946w, https:\/\/saintmacairepourtous.fr\/wp-content\/uploads\/2025\/12\/Capture-decran-2025-12-27-a-17.24.30-300x300.png 300w, https:\/\/saintmacairepourtous.fr\/wp-content\/uploads\/2025\/12\/Capture-decran-2025-12-27-a-17.24.30-150x150.png 150w, https:\/\/saintmacairepourtous.fr\/wp-content\/uploads\/2025\/12\/Capture-decran-2025-12-27-a-17.24.30-768x768.png 768w\" sizes=\"(max-width: 946px) 100vw, 946px\" \/>\t\t\t\t\t\t\t\t\t\t\t\t\t\t\t<\/div>\n\t\t\t\t<\/div>\n\t\t<div class=\"elementor-element elementor-element-623cbf53 e-con-full e-flex e-con e-child\" data-id=\"623cbf53\" data-element_type=\"container\" data-e-type=\"container\">\n\t\t\t\t<div class=\"elementor-element elementor-element-4d09d6bf elementor-widget elementor-widget-image\" data-id=\"4d09d6bf\" data-element_type=\"widget\" data-e-type=\"widget\" data-widget_type=\"image.default\">\n\t\t\t\t\t\t\t\t\t\t\t\t\t\t\t<img loading=\"lazy\" decoding=\"async\" width=\"995\" height=\"1024\" src=\"https:\/\/saintmacairepourtous.fr\/wp-content\/uploads\/2025\/12\/Capture-decran-2025-12-27-a-17.25.56-995x1024.png\" class=\"attachment-large size-large wp-image-63\" alt=\"\" srcset=\"https:\/\/saintmacairepourtous.fr\/wp-content\/uploads\/2025\/12\/Capture-decran-2025-12-27-a-17.25.56-995x1024.png 995w, https:\/\/saintmacairepourtous.fr\/wp-content\/uploads\/2025\/12\/Capture-decran-2025-12-27-a-17.25.56-291x300.png 291w, https:\/\/saintmacairepourtous.fr\/wp-content\/uploads\/2025\/12\/Capture-decran-2025-12-27-a-17.25.56-768x791.png 768w, https:\/\/saintmacairepourtous.fr\/wp-content\/uploads\/2025\/12\/Capture-decran-2025-12-27-a-17.25.56.png 1014w\" sizes=\"(max-width: 995px) 100vw, 995px\" \/>\t\t\t\t\t\t\t\t\t\t\t\t\t\t\t<\/div>\n\t\t\t\t<\/div>\n\t\t<div class=\"elementor-element elementor-element-6a98547 e-con-full e-flex e-con e-child\" data-id=\"6a98547\" data-element_type=\"container\" data-e-type=\"container\">\n\t\t\t\t<div class=\"elementor-element elementor-element-6ef4fa8d elementor-widget elementor-widget-text-editor\" data-id=\"6ef4fa8d\" data-element_type=\"widget\" data-e-type=\"widget\" data-widget_type=\"text-editor.default\">\n\t\t\t\t\t\t\t\t\t<div id=\"comp-mjyi31uv2\" class=\"Z_l5lU ku3DBC zQ9jDz qvSjx3 Vq6kJx comp-mjyi31uv2 wixui-rich-text\" data-testid=\"richTextElement\"><p class=\"font_5 wixui-rich-text__text\"><strong><span class=\"wixui-rich-text__text\">Implication<br \/><\/span><\/strong><span style=\"font-size: 16px;\">Nous engager pour vous, r\u00e9pondre concr\u00e8tement \u00e0 vos demandes et garantir la vitalit\u00e9 de commissions d\u2019\u00e9lus par projet.<\/span><\/p><\/div>\t\t\t\t\t\t\t\t<\/div>\n\t\t\t\t<\/div>\n\t\t<div class=\"elementor-element elementor-element-9cf4ee3 e-con-full e-flex e-con e-child\" data-id=\"9cf4ee3\" data-element_type=\"container\" data-e-type=\"container\">\n\t\t\t\t<div class=\"elementor-element elementor-element-d02232b elementor-widget elementor-widget-text-editor\" data-id=\"d02232b\" data-element_type=\"widget\" data-e-type=\"widget\" data-widget_type=\"text-editor.default\">\n\t\t\t\t\t\t\t\t\t<div id=\"comp-mjyi31vj\" class=\"Z_l5lU ku3DBC zQ9jDz qvSjx3 Vq6kJx comp-mjyi31vj wixui-rich-text\" data-testid=\"richTextElement\"><p class=\"font_5 wixui-rich-text__text\"><strong><span class=\"wixui-rich-text__text\">Transparence<br \/><\/span><\/strong><span style=\"font-size: 16px;\">Vous informer, vous rendre compte de l&rsquo;avanc\u00e9e des projets et des investissements, publier les indemnit\u00e9s vers\u00e9es, diffuser les comptes-rendus de conseils municipaux dans le bulletin communal.<\/span><\/p><\/div>\t\t\t\t\t\t\t\t<\/div>\n\t\t\t\t<\/div>\n\t\t<div class=\"elementor-element elementor-element-3d8cba23 e-con-full e-flex e-con e-child\" data-id=\"3d8cba23\" data-element_type=\"container\" data-e-type=\"container\">\n\t\t\t\t<div class=\"elementor-element elementor-element-12318b3d elementor-widget elementor-widget-text-editor\" data-id=\"12318b3d\" data-element_type=\"widget\" data-e-type=\"widget\" data-widget_type=\"text-editor.default\">\n\t\t\t\t\t\t\t\t\t<div id=\"comp-mjyi31vu\" class=\"Z_l5lU ku3DBC zQ9jDz qvSjx3 Vq6kJx comp-mjyi31vu wixui-rich-text\" data-testid=\"richTextElement\"><p class=\"font_5 wixui-rich-text__text\"><strong><span class=\"wixui-rich-text__text\">Concertation<br \/><\/span><\/strong><span style=\"font-size: 16px;\">Vous consulter lors de r\u00e9unions publiques, ouvrir les conseils municipaux \u00e0 vos questions, mettre en place conseils et comit\u00e9s pour d\u00e9battre des sujets importants de la vie locale.<\/span><\/p><\/div>\t\t\t\t\t\t\t\t<\/div>\n\t\t\t\t<\/div>\n\t\t\t\t\t<\/div>\n\t\t\t\t<\/div>\n\t\t\t\t<\/div>\n\t\t","protected":false},"excerpt":{"rendered":"<p>\u00ab Nous sommes heureux et fiers de vous pr\u00e9senter notre liste et notre projet pour Saint-Macaire, fid\u00e8les \u00e0 des valeurs [&hellip;]<\/p>\n","protected":false},"author":1,"featured_media":0,"parent":0,"menu_order":0,"comment_status":"closed","ping_status":"closed","template":"","meta":{"_uag_custom_page_level_css":"","site-sidebar-layout":"no-sidebar","site-content-layout":"","ast-site-content-layout":"full-width-container","site-content-style":"default","site-sidebar-style":"default","ast-global-header-display":"","ast-banner-title-visibility":"","ast-main-header-display":"","ast-hfb-above-header-display":"","ast-hfb-below-header-display":"","ast-hfb-mobile-header-display":"","site-post-title":"","ast-breadcrumbs-content":"","ast-featured-img":"disabled","footer-sml-layout":"","ast-disable-related-posts":"","theme-transparent-header-meta":"","adv-header-id-meta":"","stick-header-meta":"","header-above-stick-meta":"","header-main-stick-meta":"","header-below-stick-meta":"","astra-migrate-meta-layouts":"default","ast-page-background-enabled":"default","ast-page-background-meta":{"desktop":{"background-color":"var(--ast-global-color-5)","background-image":"","background-repeat":"repeat","background-position":"center center","background-size":"auto","background-attachment":"scroll","background-type":"","background-media":"","overlay-type":"","overlay-color":"","overlay-opacity":"","overlay-gradient":""},"tablet":{"background-color":"","background-image":"","background-repeat":"repeat","background-position":"center center","background-size":"auto","background-attachment":"scroll","background-type":"","background-media":"","overlay-type":"","overlay-color":"","overlay-opacity":"","overlay-gradient":""},"mobile":{"background-color":"","background-image":"","background-repeat":"repeat","background-position":"center center","background-size":"auto","background-attachment":"scroll","background-type":"","background-media":"","overlay-type":"","overlay-color":"","overlay-opacity":"","overlay-gradient":""}},"ast-content-background-meta":{"desktop":{"background-color":"var(--ast-global-color-4)","background-image":"","background-repeat":"repeat","background-position":"center center","background-size":"auto","background-attachment":"scroll","background-type":"","background-media":"","overlay-type":"","overlay-color":"","overlay-opacity":"","overlay-gradient":""},"tablet":{"background-color":"var(--ast-global-color-4)","background-image":"","background-repeat":"repeat","background-position":"center center","background-size":"auto","background-attachment":"scroll","background-type":"","background-media":"","overlay-type":"","overlay-color":"","overlay-opacity":"","overlay-gradient":""},"mobile":{"background-color":"var(--ast-global-color-4)","background-image":"","background-repeat":"repeat","background-position":"center center","background-size":"auto","background-attachment":"scroll","background-type":"","background-media":"","overlay-type":"","overlay-color":"","overlay-opacity":"","overlay-gradient":""}},"footnotes":""},"class_list":["post-224","page","type-page","status-publish","hentry"],"uagb_featured_image_src":{"full":false,"thumbnail":false,"medium":false,"medium_large":false,"large":false,"1536x1536":false,"2048x2048":false},"uagb_author_info":{"display_name":"admin9734","author_link":"https:\/\/saintmacairepourtous.fr\/index.php\/author\/admin9734\/"},"uagb_comment_info":0,"uagb_excerpt":"\u00ab Nous sommes heureux et fiers de vous pr\u00e9senter notre liste et notre projet pour Saint-Macaire, fid\u00e8les \u00e0 des valeurs [&hellip;]","_links":{"self":[{"href":"https:\/\/saintmacairepourtous.fr\/index.php\/wp-json\/wp\/v2\/pages\/224","targetHints":{"allow":["GET"]}}],"collection":[{"href":"https:\/\/saintmacairepourtous.fr\/index.php\/wp-json\/wp\/v2\/pages"}],"about":[{"href":"https:\/\/saintmacairepourtous.fr\/index.php\/wp-json\/wp\/v2\/types\/page"}],"author":[{"embeddable":true,"href":"https:\/\/saintmacairepourtous.fr\/index.php\/wp-json\/wp\/v2\/users\/1"}],"replies":[{"embeddable":true,"href":"https:\/\/saintmacairepourtous.fr\/index.php\/wp-json\/wp\/v2\/comments?post=224"}],"version-history":[{"count":63,"href":"https:\/\/saintmacairepourtous.fr\/index.php\/wp-json\/wp\/v2\/pages\/224\/revisions"}],"predecessor-version":[{"id":572,"href":"https:\/\/saintmacairepourtous.fr\/index.php\/wp-json\/wp\/v2\/pages\/224\/revisions\/572"}],"wp:attachment":[{"href":"https:\/\/saintmacairepourtous.fr\/index.php\/wp-json\/wp\/v2\/media?parent=224"}],"curies":[{"name":"wp","href":"https:\/\/api.w.org\/{rel}","templated":true}]}}