{"id":575,"date":"2026-03-11T13:25:04","date_gmt":"2026-03-11T13:25:04","guid":{"rendered":"https:\/\/saintmacairepourtous.fr\/?page_id=575"},"modified":"2026-03-13T14:16:30","modified_gmt":"2026-03-13T14:16:30","slug":"nos-100-premiers-jours","status":"publish","type":"page","link":"https:\/\/saintmacairepourtous.fr\/index.php\/nos-100-premiers-jours\/","title":{"rendered":"Nos 100 premiers jours"},"content":{"rendered":"\t\t<div data-elementor-type=\"wp-page\" data-elementor-id=\"575\" class=\"elementor elementor-575\" data-elementor-post-type=\"page\">\n\t\t\t\t<div class=\"elementor-element elementor-element-4980b10 e-flex e-con-boxed e-con e-parent\" data-id=\"4980b10\" data-element_type=\"container\" data-e-type=\"container\">\n\t\t\t\t\t<div class=\"e-con-inner\">\n\t\t\t\t<div class=\"elementor-element elementor-element-d3ef999 elementor-invisible elementor-widget elementor-widget-heading\" data-id=\"d3ef999\" data-element_type=\"widget\" data-e-type=\"widget\" data-settings=\"{&quot;_animation&quot;:&quot;fadeInUp&quot;}\" data-widget_type=\"heading.default\">\n\t\t\t\t\t<h2 class=\"elementor-heading-title elementor-size-default\">Nos 100 premiers jours<\/h2>\t\t\t\t<\/div>\n\t\t\t\t\t<\/div>\n\t\t\t\t<\/div>\n\t\t<div class=\"elementor-element elementor-element-4bed39b e-flex e-con-boxed e-con e-parent\" data-id=\"4bed39b\" data-element_type=\"container\" data-e-type=\"container\">\n\t\t\t\t\t<div class=\"e-con-inner\">\n\t\t\t\t<div class=\"elementor-element elementor-element-7829857 elementor-widget__width-initial elementor-widget elementor-widget-text-editor\" data-id=\"7829857\" data-element_type=\"widget\" data-e-type=\"widget\" data-settings=\"{&quot;_animation&quot;:&quot;none&quot;}\" data-widget_type=\"text-editor.default\">\n\t\t\t\t\t\t\t\t\t<p>Notre programme est dense, mais r\u00e9fl\u00e9chi pour s&rsquo;inscrire dans la dur\u00e9e du mandat. Nos propositions seront engag\u00e9es au fur et \u00e0 mesure mais un certain nombre d&rsquo;entre elles seront applicables d\u00e8s les premiers mois.<\/p><p>C\u2019est dans cet esprit que notre liste, vous pr\u00e9sente ses priorit\u00e9s lors des 100 premiers jours du mandat.<\/p>\t\t\t\t\t\t\t\t<\/div>\n\t\t\t\t\t<\/div>\n\t\t\t\t<\/div>\n\t\t<div class=\"elementor-element elementor-element-56092c8 e-flex e-con-boxed e-con e-parent\" data-id=\"56092c8\" data-element_type=\"container\" data-e-type=\"container\">\n\t\t\t\t\t<div class=\"e-con-inner\">\n\t\t\t\t<div class=\"elementor-element elementor-element-9420c5f elementor-align-center elementor-widget elementor-widget-button\" data-id=\"9420c5f\" data-element_type=\"widget\" data-e-type=\"widget\" data-widget_type=\"button.default\">\n\t\t\t\t\t\t\t\t\t\t<a class=\"elementor-button elementor-button-link elementor-size-sm\" href=\"http:\/\/saintmacairepourtous.fr\/wp-content\/uploads\/2026\/03\/POST-100-JOURS.pdf\" target=\"_blank\">\n\t\t\t\t\t\t<span class=\"elementor-button-content-wrapper\">\n\t\t\t\t\t\t\t\t\t<span class=\"elementor-button-text\">Retrouvez le flyer des 100 jours ici !<\/span>\n\t\t\t\t\t<\/span>\n\t\t\t\t\t<\/a>\n\t\t\t\t\t\t\t\t<\/div>\n\t\t\t\t\t<\/div>\n\t\t\t\t<\/div>\n\t\t<div class=\"elementor-element elementor-element-15bab33 e-flex e-con-boxed e-con e-parent\" data-id=\"15bab33\" data-element_type=\"container\" data-e-type=\"container\">\n\t\t\t\t\t<div class=\"e-con-inner\">\n\t\t\t\t<div class=\"elementor-element elementor-element-3fa72cd elementor-widget elementor-widget-heading\" data-id=\"3fa72cd\" data-element_type=\"widget\" data-e-type=\"widget\" data-settings=\"{&quot;_animation&quot;:&quot;none&quot;}\" data-widget_type=\"heading.default\">\n\t\t\t\t\t<h2 class=\"elementor-heading-title elementor-size-default\">Nos engagements<\/h2>\t\t\t\t<\/div>\n\t\t\t\t\t<\/div>\n\t\t\t\t<\/div>\n\t\t<div class=\"elementor-element elementor-element-8826dba e-flex e-con-boxed e-con e-parent\" data-id=\"8826dba\" data-element_type=\"container\" data-e-type=\"container\">\n\t\t\t\t\t<div class=\"e-con-inner\">\n\t\t\t\t<div class=\"elementor-element elementor-element-76997ce elementor-widget__width-initial elementor-widget elementor-widget-text-editor\" data-id=\"76997ce\" data-element_type=\"widget\" data-e-type=\"widget\" data-settings=\"{&quot;_animation&quot;:&quot;none&quot;}\" data-widget_type=\"text-editor.default\">\n\t\t\t\t\t\t\t\t\t<p data-start=\"161\" data-end=\"539\"><strong data-start=\"161\" data-end=\"204\">Cr\u00e9er le pass \u2018asso pour les \u00e9coliers.<\/strong><br data-start=\"204\" data-end=\"207\" \/>Nous mettrons en place un pass \u2018asso\u2019 pour permettre \u00e0 chaque enfant scolaris\u00e9 de d\u00e9couvrir plus facilement les activit\u00e9s propos\u00e9es par les associations de la commune. Ce dispositif aidera les familles, favorisera l\u2019acc\u00e8s au sport, \u00e0 la culture et aux loisirs, et renforcera le lien entre l\u2019\u00e9cole, les enfants et la vie associative.<\/p><p data-start=\"541\" data-end=\"923\"><strong data-start=\"541\" data-end=\"617\">Lancer la concertation autour de l\u2019am\u00e9nagement de la place de l\u2019Horloge.<\/strong><br data-start=\"617\" data-end=\"620\" \/>Nous ouvrirons d\u00e8s le d\u00e9but du mandat une concertation avec les habitants, les commer\u00e7ants et les usagers afin de d\u00e9finir ensemble les priorit\u00e9s pour l\u2019avenir de la place de l\u2019Horloge. L\u2019objectif sera de construire un projet mieux adapt\u00e9 aux besoins des Macariens et de redonner son r\u00f4le de parvis de la cit\u00e9 \u00e0 cette place.<\/p><p data-start=\"925\" data-end=\"1276\"><strong data-start=\"925\" data-end=\"988\">Retirer de la vente les logements sociaux de la rue Thiers.<\/strong><br data-start=\"988\" data-end=\"991\" \/>Nous retirerons les logements sociaux de la rue Thiers de la vente, afin de pr\u00e9server durablement une offre de logements accessibles \u00e0 Saint-Macaire. Vendre des logements sociaux est un non-sens pour une commune, qui doit d\u00e9fendre la mixit\u00e9 sociale et l&rsquo;acc\u00e8s au logement.<\/p><p data-start=\"1278\" data-end=\"1598\"><strong data-start=\"1278\" data-end=\"1313\">Installer le conseil des sages.<\/strong><br data-start=\"1313\" data-end=\"1316\" \/>Nous cr\u00e9erons un conseil des sages pour mieux associer les habitants les plus exp\u00e9riment\u00e9s \u00e0 la vie de la commune et \u00e0 la r\u00e9flexion collective. Leur connaissance de Saint-Macaire et leur exp\u00e9rience seront une richesse pr\u00e9cieuse pour \u00e9clairer les d\u00e9cisions municipales.<\/p><p data-start=\"1600\" data-end=\"1994\"><strong data-start=\"1600\" data-end=\"1658\">Pr\u00e9senter les finances communales en r\u00e9union publique.<\/strong><br data-start=\"1658\" data-end=\"1661\" \/>Nous organiserons une r\u00e9union publique d\u00e9di\u00e9e aux finances communales pour expliquer clairement la situation budg\u00e9taire de la mairie, les marges de man\u0153uvre existantes et les choix \u00e0 venir. Parce qu\u2019une gestion transparente est indispensable, chacun doit pouvoir comprendre o\u00f9 va l\u2019argent public et comment sont prises les d\u00e9cisions.<\/p><p data-start=\"1996\" data-end=\"2351\"><strong data-start=\"1996\" data-end=\"2064\">D\u00e9marrer l\u2019\u00e9tude pour la refonte compl\u00e8te de la cour de l\u2019\u00e9cole.<\/strong><br data-start=\"2064\" data-end=\"2067\" \/>Nous lancerons une \u00e9tude pour repenser en profondeur la cour de l\u2019\u00e9cole, afin qu\u2019elle soit plus adapt\u00e9e aux usages des enfants, plus agr\u00e9able et plus fonctionnelle. Cette r\u00e9flexion int\u00e9grera notamment les questions de v\u00e9g\u00e9talisation, de s\u00e9curit\u00e9, de confort et de partage de l\u2019espace.<\/p><p data-start=\"2353\" data-end=\"2661\"><strong data-start=\"2353\" data-end=\"2395\">Proposer une mutuelle sant\u00e9 solidaire.<\/strong><br data-start=\"2395\" data-end=\"2398\" \/>Nous engagerons les d\u00e9marches pour proposer une mutuelle sant\u00e9 solidaire, accessible \u00e0 des tarifs n\u00e9goci\u00e9s pour les habitants qui le souhaitent. Cette initiative visera \u00e0 mieux prot\u00e9ger celles et ceux qui renoncent parfois \u00e0 se soigner faute de moyens suffisants.<\/p><p data-start=\"2663\" data-end=\"3023\"><strong data-start=\"2663\" data-end=\"2725\">Encourager la cr\u00e9ation d\u2019une association des associations.<\/strong><br data-start=\"2725\" data-end=\"2728\" \/>Nous soutiendrons la cr\u00e9ation d\u2019une association des associations pour favoriser les \u00e9changes, la coordination et les projets communs entre les acteurs associatifs de la commune. Ce cadre collectif permettra aussi de mieux faire remonter les besoins du terrain et de renforcer le dynamisme local.<\/p><p data-start=\"3025\" data-end=\"3379\"><strong data-start=\"3025\" data-end=\"3071\">Red\u00e9finir l\u2019usage des b\u00e2timents communaux.<\/strong><br data-start=\"3071\" data-end=\"3074\" \/>Nous engagerons un travail de clarification et de red\u00e9finition de l\u2019usage des b\u00e2timents communaux afin qu\u2019ils r\u00e9pondent mieux aux besoins des habitants, des associations et des services municipaux. L\u2019objectif sera d\u2019optimiser les espaces existants, d\u2019\u00e9viter les incoh\u00e9rences et de mieux pr\u00e9parer l\u2019avenir.<\/p><p data-start=\"3381\" data-end=\"3757\"><strong data-start=\"3381\" data-end=\"3467\">Pr\u00e9parer l\u2019adaptation aux fortes chaleurs, en particulier pour la cour de l\u2019\u00e9cole.<\/strong><br data-start=\"3467\" data-end=\"3470\" \/>Nous prendrons sans attendre les premi\u00e8res mesures pour adapter la commune aux \u00e9pisodes de fortes chaleurs, qui deviennent de plus en plus fr\u00e9quents. Une attention particuli\u00e8re sera port\u00e9e \u00e0 la cour de l\u2019\u00e9cole, afin d\u2019am\u00e9liorer rapidement l\u2019ombre, la fra\u00eecheur et le confort des enfants.<\/p>\t\t\t\t\t\t\t\t<\/div>\n\t\t\t\t\t<\/div>\n\t\t\t\t<\/div>\n\t\t\t\t<\/div>\n\t\t","protected":false},"excerpt":{"rendered":"<p>Nos 100 premiers jours Notre programme est dense, mais r\u00e9fl\u00e9chi pour s&rsquo;inscrire dans la dur\u00e9e du mandat. Nos propositions seront [&hellip;]<\/p>\n","protected":false},"author":1,"featured_media":0,"parent":0,"menu_order":0,"comment_status":"closed","ping_status":"closed","template":"","meta":{"_uag_custom_page_level_css":"","site-sidebar-layout":"no-sidebar","site-content-layout":"","ast-site-content-layout":"full-width-container","site-content-style":"default","site-sidebar-style":"default","ast-global-header-display":"","ast-banner-title-visibility":"","ast-main-header-display":"","ast-hfb-above-header-display":"","ast-hfb-below-header-display":"","ast-hfb-mobile-header-display":"","site-post-title":"","ast-breadcrumbs-content":"","ast-featured-img":"disabled","footer-sml-layout":"","ast-disable-related-posts":"","theme-transparent-header-meta":"","adv-header-id-meta":"","stick-header-meta":"","header-above-stick-meta":"","header-main-stick-meta":"","header-below-stick-meta":"","astra-migrate-meta-layouts":"default","ast-page-background-enabled":"default","ast-page-background-meta":{"desktop":{"background-color":"var(--ast-global-color-5)","background-image":"","background-repeat":"repeat","background-position":"center center","background-size":"auto","background-attachment":"scroll","background-type":"","background-media":"","overlay-type":"","overlay-color":"","overlay-opacity":"","overlay-gradient":""},"tablet":{"background-color":"","background-image":"","background-repeat":"repeat","background-position":"center center","background-size":"auto","background-attachment":"scroll","background-type":"","background-media":"","overlay-type":"","overlay-color":"","overlay-opacity":"","overlay-gradient":""},"mobile":{"background-color":"","background-image":"","background-repeat":"repeat","background-position":"center center","background-size":"auto","background-attachment":"scroll","background-type":"","background-media":"","overlay-type":"","overlay-color":"","overlay-opacity":"","overlay-gradient":""}},"ast-content-background-meta":{"desktop":{"background-color":"var(--ast-global-color-4)","background-image":"","background-repeat":"repeat","background-position":"center center","background-size":"auto","background-attachment":"scroll","background-type":"","background-media":"","overlay-type":"","overlay-color":"","overlay-opacity":"","overlay-gradient":""},"tablet":{"background-color":"var(--ast-global-color-4)","background-image":"","background-repeat":"repeat","background-position":"center center","background-size":"auto","background-attachment":"scroll","background-type":"","background-media":"","overlay-type":"","overlay-color":"","overlay-opacity":"","overlay-gradient":""},"mobile":{"background-color":"var(--ast-global-color-4)","background-image":"","background-repeat":"repeat","background-position":"center center","background-size":"auto","background-attachment":"scroll","background-type":"","background-media":"","overlay-type":"","overlay-color":"","overlay-opacity":"","overlay-gradient":""}},"footnotes":""},"class_list":["post-575","page","type-page","status-publish","hentry"],"uagb_featured_image_src":{"full":false,"thumbnail":false,"medium":false,"medium_large":false,"large":false,"1536x1536":false,"2048x2048":false},"uagb_author_info":{"display_name":"admin9734","author_link":"https:\/\/saintmacairepourtous.fr\/index.php\/author\/admin9734\/"},"uagb_comment_info":0,"uagb_excerpt":"Nos 100 premiers jours Notre programme est dense, mais r\u00e9fl\u00e9chi pour s&rsquo;inscrire dans la dur\u00e9e du mandat. Nos propositions seront [&hellip;]","_links":{"self":[{"href":"https:\/\/saintmacairepourtous.fr\/index.php\/wp-json\/wp\/v2\/pages\/575","targetHints":{"allow":["GET"]}}],"collection":[{"href":"https:\/\/saintmacairepourtous.fr\/index.php\/wp-json\/wp\/v2\/pages"}],"about":[{"href":"https:\/\/saintmacairepourtous.fr\/index.php\/wp-json\/wp\/v2\/types\/page"}],"author":[{"embeddable":true,"href":"https:\/\/saintmacairepourtous.fr\/index.php\/wp-json\/wp\/v2\/users\/1"}],"replies":[{"embeddable":true,"href":"https:\/\/saintmacairepourtous.fr\/index.php\/wp-json\/wp\/v2\/comments?post=575"}],"version-history":[{"count":10,"href":"https:\/\/saintmacairepourtous.fr\/index.php\/wp-json\/wp\/v2\/pages\/575\/revisions"}],"predecessor-version":[{"id":612,"href":"https:\/\/saintmacairepourtous.fr\/index.php\/wp-json\/wp\/v2\/pages\/575\/revisions\/612"}],"wp:attachment":[{"href":"https:\/\/saintmacairepourtous.fr\/index.php\/wp-json\/wp\/v2\/media?parent=575"}],"curies":[{"name":"wp","href":"https:\/\/api.w.org\/{rel}","templated":true}]}}